{"id":80,"date":"2024-10-16T15:36:31","date_gmt":"2024-10-16T13:36:31","guid":{"rendered":"https:\/\/lecathofrancais.fr\/?page_id=80"},"modified":"2024-10-17T16:59:00","modified_gmt":"2024-10-17T14:59:00","slug":"boutique-2","status":"publish","type":"page","link":"https:\/\/lecathofrancais.fr\/index.php\/boutique-2\/","title":{"rendered":"Boutique"},"content":{"rendered":"<p class=\"has-text-align-center\">Nous sommes fiers de vous proposez sur notre site Provence Mont Ventoux, des produits uniques et originaux 100 % Fran\u00e7ais et 100% personnalis\u00e9s en Provence ! Vous pourrez ainsi choisir parmi des v\u00eatements de pr\u00eat \u00e0 porter pour femmes et hommes, des articles de d\u00e9coration int\u00e9rieure et une gamme vari\u00e9e d&#8217;accessoires et de souvenirs. Avec des mod\u00e8les cr\u00e9\u00e9s et r\u00e9alis\u00e9s par nos soins et inspir\u00e9s du soleil de notre belle Provence. Vous pourrez acheter le v\u00eatement mode, l&#8217;objet d\u00e9coration et le souvenir qui vous plait ! N&#8217;h\u00e9sitez pas \u00e0 fl\u00e2ner comme les abeilles ici ou l\u00e0 pour d\u00e9couvrir tous nos produits et repartez avec un panier aux couleurs de la Provence !<\/p><p><\/p><p class=\"has-text-align-center\"><\/p><p><\/p><div class=\"wp-block-cover aligncenter has-medium-font-size wp-duotone-unset-2\" style=\"min-height:569px;aspect-ratio:unset;\"><span aria-hidden=\"true\" class=\"wp-block-cover__background has-black-background-color has-background-dim-20 has-background-dim\"><\/span><img data-recalc-dims=\"1\" decoding=\"async\" class=\"wp-block-cover__image-background wp-image-1303\" alt=\"Deux t-shirts marqu\u00e9s de la boutique cote \u00e0 cote sur une nappe \u00e0 carreaux. \" src=\"https:\/\/i0.wp.com\/provencemontventoux.com\/wp-content\/uploads\/2024\/07\/oikj.png?w=925&#038;ssl=1\" data-object-fit=\"cover\"\/><div class=\"wp-block-cover__inner-container is-layout-flow wp-block-cover-is-layout-flow\"><div class=\"wp-block-columns alignwide is-layout-flex wp-container-core-columns-is-layout-9d6595d7 wp-block-columns-is-layout-flex\"><div class=\"wp-block-column is-vertically-aligned-center has-background is-layout-flow wp-block-column-is-layout-flow\" style=\"background-color:#ffffffad;flex-basis:70%\"><div style=\"height:30px\" aria-hidden=\"true\" class=\"wp-block-spacer\"><\/div>\n\n<p class=\"has-text-align-center has-text-color has-link-color has-medium-font-size wp-elements-da74863ee1a991d7391368a27009f3fc\" style=\"color:#140066\">Boutique Pr\u00eat-\u00e0-porter<\/p>\n\n<h2 class=\"wp-block-heading has-text-align-center has-text-color has-link-color wp-elements-12dcc1fa7cbad4aa7692ebea51db335a\" style=\"color:#140066;font-size:45px\">Portez la Provence comme personne<\/h2>\n\n<div class=\"wp-block-buttons has-custom-font-size has-medium-font-size is-content-justification-center is-layout-flex wp-container-core-buttons-is-layout-16018d1d wp-block-buttons-is-layout-flex\"><div class=\"wp-block-button has-custom-width wp-block-button__width-75 has-custom-font-size is-style-outline has-medium-font-size is-style-outline--1\" style=\"font-style:normal;font-weight:700\"><a class=\"wp-block-button__link has-text-color has-link-color has-text-align-center wp-element-button\" href=\"https:\/\/lecathofrancais.fr\/index.php\/pret-a-porter\/\" style=\"border-radius:50px;color:#140066\">D\u00e9couvrir<\/a><\/div><\/div>\n\n<p><\/p><\/div><\/div><\/div><\/div><p><\/p><div class=\"wp-block-cover aligncenter is-light has-medium-font-size wp-duotone-unset-4\" style=\"min-height:570px;aspect-ratio:unset;\"><span aria-hidden=\"true\" class=\"wp-block-cover__background has-black-background-color has-background-dim-20 has-background-dim\"><\/span><img data-recalc-dims=\"1\" decoding=\"async\" class=\"wp-block-cover__image-background wp-image-1465\" alt=\"Int\u00e9rieure d'une maison personnalis\u00e9e avec des stickers de la boutique, coquelicots et horizon du Ventoux\" src=\"https:\/\/i0.wp.com\/provencemontventoux.com\/wp-content\/uploads\/2024\/08\/souvenirs.png?w=925&#038;ssl=1\" data-object-fit=\"cover\"\/><div class=\"wp-block-cover__inner-container is-layout-flow wp-block-cover-is-layout-flow\"><div class=\"wp-block-columns alignwide is-layout-flex wp-container-core-columns-is-layout-9d6595d7 wp-block-columns-is-layout-flex\"><div class=\"wp-block-column is-vertically-aligned-center has-background is-layout-flow wp-block-column-is-layout-flow\" style=\"background-color:#ffffffb0;flex-basis:70%\"><div style=\"height:30px\" aria-hidden=\"true\" class=\"wp-block-spacer\"><\/div>\n\n<p class=\"has-text-align-center has-text-color has-link-color has-medium-font-size wp-elements-b08180d03c51b173882d740c93bdd3d3\" style=\"color:#1a0063\">Boutique Objets religieux<\/p>\n\n<h2 class=\"wp-block-heading has-text-align-center has-text-color has-link-color wp-elements-f39b2af57fae3eca45a8a75857294e16\" style=\"color:#140066;font-size:45px\">Apportez de la chaleur \u00e0 votre int\u00e9rieur<\/h2>\n\n<div class=\"wp-block-buttons has-custom-font-size has-medium-font-size is-content-justification-center is-layout-flex wp-container-core-buttons-is-layout-16018d1d wp-block-buttons-is-layout-flex\"><div class=\"wp-block-button has-custom-width wp-block-button__width-75 has-custom-font-size is-style-outline has-medium-font-size is-style-outline--3\" style=\"font-style:normal;font-weight:700\"><a class=\"wp-block-button__link has-text-color has-link-color has-text-align-center wp-element-button\" href=\"https:\/\/lecathofrancais.fr\/index.php\/objets-religieux\/\" style=\"border-radius:50px;color:#1a0063\">D\u00e9couvrir<\/a><\/div><\/div>\n\n<p><\/p><\/div>\n\n<div class=\"wp-block-column is-layout-flow wp-block-column-is-layout-flow\"><\/div><\/div><\/div><\/div><p><\/p><div class=\"wp-block-cover aligncenter is-light has-medium-font-size wp-duotone-unset-6\" style=\"min-height:571px;aspect-ratio:unset;\"><span aria-hidden=\"true\" class=\"wp-block-cover__background has-black-background-color has-background-dim-20 has-background-dim\"><\/span><img data-recalc-dims=\"1\" decoding=\"async\" class=\"wp-block-cover__image-background wp-image-1422\" alt=\"Mise en sc\u00e8ne d'une pi\u00e8ce \u00e0 vivre avec comme d\u00e9coration des posters de la r\u00e9gion \u00e0 retrouver sur la boutique \" src=\"https:\/\/i0.wp.com\/provencemontventoux.com\/wp-content\/uploads\/2024\/08\/kljkhbng-1.png?w=925&#038;ssl=1\" data-object-fit=\"cover\"\/><div class=\"wp-block-cover__inner-container is-layout-flow wp-block-cover-is-layout-flow\"><div class=\"wp-block-columns alignwide is-layout-flex wp-container-core-columns-is-layout-9d6595d7 wp-block-columns-is-layout-flex\"><div class=\"wp-block-column is-vertically-aligned-center has-background is-layout-flow wp-block-column-is-layout-flow\" style=\"background-color:#ffffffb8;flex-basis:70%\"><div style=\"height:30px\" aria-hidden=\"true\" class=\"wp-block-spacer\"><\/div>\n\n<p class=\"has-text-align-center has-text-color has-link-color has-medium-font-size wp-elements-1864ebfae383ae523dec460b9c4a05ed\" style=\"color:#140066\">Boutique Coin pri\u00e8re<\/p>\n\n<h2 class=\"wp-block-heading has-text-align-center has-text-color has-link-color wp-elements-5f6ec8065d8a280b5f26f3fb400bf092\" style=\"color:#1a0063;font-size:45px\"> Gardez chez vous un peu de la Provence<\/h2>\n\n<div class=\"wp-block-buttons has-custom-font-size has-medium-font-size is-content-justification-center is-layout-flex wp-container-core-buttons-is-layout-16018d1d wp-block-buttons-is-layout-flex\"><div class=\"wp-block-button has-custom-width wp-block-button__width-75 has-custom-font-size is-style-outline has-medium-font-size is-style-outline--5\" style=\"font-style:normal;font-weight:700\"><a class=\"wp-block-button__link has-text-color has-link-color has-text-align-center wp-element-button\" href=\"https:\/\/lecathofrancais.fr\/index.php\/coin-priere\/\" style=\"border-radius:50px;color:#1a0063\">D\u00e9couvrir<\/a><\/div><\/div>\n\n<p><\/p><\/div><\/div><\/div><\/div><p><\/p><h2 class=\"wp-block-heading has-text-align-center\">Nos valeurs<\/h2><p class=\"has-text-align-center\">Sur notre site Provence Mont Ventoux, nos valeurs fondamentales guident chacune de nos actions. Soucieux de vous proposer des produits de belle qualit\u00e9 aux couleurs flatteuses et intemporelles, nous mettons en avant le made in France car c&#8217;est pour nous un signe d&#8217;excellence. Nous s\u00e9lectionnons nos v\u00eatements et nos accessoires avec un tr\u00e8s grand soin avant de les personnaliser. Nos impressions sont elles aussi propres et pr\u00e9servant l&#8217;environnement. Nos valeurs refl\u00e8tent notre engagement envers le beau, l&#8217;excellence, l&#8217;authenticit\u00e9 et la passion pour la Provence. Notre d\u00e9sir de faire du bien et de mettre en avant le savoir faire fran\u00e7ais en donne \u00e0 chaque produit que nous cr\u00e9ons un brin de l&#8217;\u00e2me proven\u00e7ale&#8230;<\/p><div class=\"wp-block-columns is-layout-flex wp-container-core-columns-is-layout-9d6595d7 wp-block-columns-is-layout-flex\"><div class=\"wp-block-column is-layout-flow wp-block-column-is-layout-flow\"><div class=\"wp-block-image is-style-default\"><figure class=\"aligncenter size-full is-resized\"><img data-recalc-dims=\"1\" decoding=\"async\" src=\"https:\/\/i0.wp.com\/provencemontventoux.com\/wp-content\/uploads\/2024\/07\/dcfdghj.png?w=925&#038;ssl=1\" alt=\"Manche d'un t-shirt blanc avec un gros plan sur le drapeau fran\u00e7ais, appuyant la cr\u00e9ation fran\u00e7aise\" class=\"wp-image-1276\" style=\"width:242px;height:auto\"\/><\/figure><\/div>\n\n<div style=\"height:14px\" aria-hidden=\"true\" class=\"wp-block-spacer\"><\/div>\n\n<h4 class=\"wp-block-heading has-text-align-center\">Produits 100 % fran\u00e7ais<\/h4>\n\n<div class=\"wp-block-group is-nowrap is-layout-flex wp-container-core-group-is-layout-ad2f72ca wp-block-group-is-layout-flex\"><p class=\"has-text-align-center\">Sur notre site Provence Mont Ventoux, vous trouverez uniquement des produits certifi\u00e9s 100 % fran\u00e7ais de tr\u00e8s belle qualit\u00e9 et lab\u00e9llis\u00e9s made in France.<\/p><\/div><\/div>\n\n<div class=\"wp-block-column is-layout-flow wp-block-column-is-layout-flow\"><div class=\"wp-block-image is-style-default\"><figure class=\"aligncenter size-full is-resized\"><img data-recalc-dims=\"1\" decoding=\"async\" src=\"https:\/\/i0.wp.com\/provencemontventoux.com\/wp-content\/uploads\/2024\/07\/zqserdty.png?w=925&#038;ssl=1\" alt=\"boutique\n\nT-shirt blanc avec un gros plan sur l'encolure et l'\u00e9tique de la marque \" class=\"wp-image-1326\" style=\"width:244px;height:auto\"\/><\/figure><\/div>\n\n<div style=\"height:14px\" aria-hidden=\"true\" class=\"wp-block-spacer\"><\/div>\n\n<h4 class=\"wp-block-heading has-text-align-center\">Mod\u00e8les uniques<\/h4>\n\n<p class=\"has-text-align-center\">Toutes nos cr\u00e9ations sont uniques. Cr\u00e9\u00e9s par nos soins juste pour vous par nos designers proven\u00e7aux.<\/p><\/div><\/div><div class=\"wp-block-buttons is-content-justification-center is-layout-flex wp-container-core-buttons-is-layout-16018d1d wp-block-buttons-is-layout-flex\"><div class=\"wp-block-button is-style-outline is-style-outline--7\"><a class=\"wp-block-button__link has-text-color has-link-color wp-element-button\" href=\"https:\/\/provencemontventoux.com\/a-propos\/\" style=\"color:#2a0064\">En savoir plus&#8230;<\/a><\/div><\/div>","protected":false},"excerpt":{"rendered":"<p>Nous sommes fiers de vous proposez sur notre site Provence Mont Ventoux, des produits uniques et originaux 100 % Fran\u00e7ais et 100% personnalis\u00e9s en Provence ! Vous pourrez ainsi choisir parmi des v\u00eatements de pr\u00eat \u00e0 porter pour femmes et hommes, des articles de d\u00e9coration int\u00e9rieure et une gamme vari\u00e9e d&#8217;accessoires et de souvenirs. Avec &hellip; <\/p>\n","protected":false},"author":1,"featured_media":0,"parent":0,"menu_order":0,"comment_status":"closed","ping_status":"closed","template":"","meta":{"footnotes":""},"class_list":["post-80","page","type-page","status-publish","hentry"],"yoast_head":"<!-- This site is optimized with the Yoast SEO plugin v23.6 - https:\/\/yoast.com\/wordpress\/plugins\/seo\/ -->\n<title>Boutique - WordPress<\/title>\n<meta name=\"robots\" content=\"noindex, follow, max-snippet:-1, max-image-preview:large, max-video-preview:-1\" \/>\n<meta property=\"og:locale\" content=\"fr_FR\" \/>\n<meta property=\"og:type\" content=\"article\" \/>\n<meta property=\"og:title\" content=\"Boutique - WordPress\" \/>\n<meta property=\"og:description\" content=\"Nous sommes fiers de vous proposez sur notre site Provence Mont Ventoux, des produits uniques et originaux 100 % Fran\u00e7ais et 100% personnalis\u00e9s en Provence ! Vous pourrez ainsi choisir parmi des v\u00eatements de pr\u00eat \u00e0 porter pour femmes et hommes, des articles de d\u00e9coration int\u00e9rieure et une gamme vari\u00e9e d&#8217;accessoires et de souvenirs. Avec &hellip;\" \/>\n<meta property=\"og:url\" content=\"https:\/\/lecathofrancais.fr\/index.php\/boutique-2\/\" \/>\n<meta property=\"og:site_name\" content=\"WordPress\" \/>\n<meta property=\"article:modified_time\" content=\"2024-10-17T14:59:00+00:00\" \/>\n<meta property=\"og:image\" content=\"https:\/\/provencemontventoux.com\/wp-content\/uploads\/2024\/07\/oikj.png\" \/>\n<meta name=\"twitter:card\" content=\"summary_large_image\" \/>\n<meta name=\"twitter:label1\" content=\"Dur\u00e9e de lecture estim\u00e9e\" \/>\n\t<meta name=\"twitter:data1\" content=\"3 minutes\" \/>\n<script type=\"application\/ld+json\" class=\"yoast-schema-graph\">{\"@context\":\"https:\/\/schema.org\",\"@graph\":[{\"@type\":\"WebPage\",\"@id\":\"https:\/\/lecathofrancais.fr\/index.php\/boutique-2\/\",\"url\":\"https:\/\/lecathofrancais.fr\/index.php\/boutique-2\/\",\"name\":\"Boutique - WordPress\",\"isPartOf\":{\"@id\":\"https:\/\/lecathofrancais.fr\/#website\"},\"primaryImageOfPage\":{\"@id\":\"https:\/\/lecathofrancais.fr\/index.php\/boutique-2\/#primaryimage\"},\"image\":{\"@id\":\"https:\/\/lecathofrancais.fr\/index.php\/boutique-2\/#primaryimage\"},\"thumbnailUrl\":\"https:\/\/provencemontventoux.com\/wp-content\/uploads\/2024\/07\/oikj.png\",\"datePublished\":\"2024-10-16T13:36:31+00:00\",\"dateModified\":\"2024-10-17T14:59:00+00:00\",\"breadcrumb\":{\"@id\":\"https:\/\/lecathofrancais.fr\/index.php\/boutique-2\/#breadcrumb\"},\"inLanguage\":\"fr-FR\",\"potentialAction\":[{\"@type\":\"ReadAction\",\"target\":[\"https:\/\/lecathofrancais.fr\/index.php\/boutique-2\/\"]}]},{\"@type\":\"ImageObject\",\"inLanguage\":\"fr-FR\",\"@id\":\"https:\/\/lecathofrancais.fr\/index.php\/boutique-2\/#primaryimage\",\"url\":\"https:\/\/provencemontventoux.com\/wp-content\/uploads\/2024\/07\/oikj.png\",\"contentUrl\":\"https:\/\/provencemontventoux.com\/wp-content\/uploads\/2024\/07\/oikj.png\"},{\"@type\":\"BreadcrumbList\",\"@id\":\"https:\/\/lecathofrancais.fr\/index.php\/boutique-2\/#breadcrumb\",\"itemListElement\":[{\"@type\":\"ListItem\",\"position\":1,\"name\":\"Accueil\",\"item\":\"https:\/\/lecathofrancais.fr\/\"},{\"@type\":\"ListItem\",\"position\":2,\"name\":\"Boutique\"}]},{\"@type\":\"WebSite\",\"@id\":\"https:\/\/lecathofrancais.fr\/#website\",\"url\":\"https:\/\/lecathofrancais.fr\/\",\"name\":\"WordPress\",\"description\":\"Un site utilisant WordPress\",\"potentialAction\":[{\"@type\":\"SearchAction\",\"target\":{\"@type\":\"EntryPoint\",\"urlTemplate\":\"https:\/\/lecathofrancais.fr\/?s={search_term_string}\"},\"query-input\":{\"@type\":\"PropertyValueSpecification\",\"valueRequired\":true,\"valueName\":\"search_term_string\"}}],\"inLanguage\":\"fr-FR\"}]}<\/script>\n<!-- \/ Yoast SEO plugin. -->","yoast_head_json":{"title":"Boutique - WordPress","robots":{"index":"noindex","follow":"follow","max-snippet":"max-snippet:-1","max-image-preview":"max-image-preview:large","max-video-preview":"max-video-preview:-1"},"og_locale":"fr_FR","og_type":"article","og_title":"Boutique - WordPress","og_description":"Nous sommes fiers de vous proposez sur notre site Provence Mont Ventoux, des produits uniques et originaux 100 % Fran\u00e7ais et 100% personnalis\u00e9s en Provence ! Vous pourrez ainsi choisir parmi des v\u00eatements de pr\u00eat \u00e0 porter pour femmes et hommes, des articles de d\u00e9coration int\u00e9rieure et une gamme vari\u00e9e d&#8217;accessoires et de souvenirs. Avec &hellip;","og_url":"https:\/\/lecathofrancais.fr\/index.php\/boutique-2\/","og_site_name":"WordPress","article_modified_time":"2024-10-17T14:59:00+00:00","og_image":[{"url":"https:\/\/provencemontventoux.com\/wp-content\/uploads\/2024\/07\/oikj.png"}],"twitter_card":"summary_large_image","twitter_misc":{"Dur\u00e9e de lecture estim\u00e9e":"3 minutes"},"schema":{"@context":"https:\/\/schema.org","@graph":[{"@type":"WebPage","@id":"https:\/\/lecathofrancais.fr\/index.php\/boutique-2\/","url":"https:\/\/lecathofrancais.fr\/index.php\/boutique-2\/","name":"Boutique - WordPress","isPartOf":{"@id":"https:\/\/lecathofrancais.fr\/#website"},"primaryImageOfPage":{"@id":"https:\/\/lecathofrancais.fr\/index.php\/boutique-2\/#primaryimage"},"image":{"@id":"https:\/\/lecathofrancais.fr\/index.php\/boutique-2\/#primaryimage"},"thumbnailUrl":"https:\/\/provencemontventoux.com\/wp-content\/uploads\/2024\/07\/oikj.png","datePublished":"2024-10-16T13:36:31+00:00","dateModified":"2024-10-17T14:59:00+00:00","breadcrumb":{"@id":"https:\/\/lecathofrancais.fr\/index.php\/boutique-2\/#breadcrumb"},"inLanguage":"fr-FR","potentialAction":[{"@type":"ReadAction","target":["https:\/\/lecathofrancais.fr\/index.php\/boutique-2\/"]}]},{"@type":"ImageObject","inLanguage":"fr-FR","@id":"https:\/\/lecathofrancais.fr\/index.php\/boutique-2\/#primaryimage","url":"https:\/\/provencemontventoux.com\/wp-content\/uploads\/2024\/07\/oikj.png","contentUrl":"https:\/\/provencemontventoux.com\/wp-content\/uploads\/2024\/07\/oikj.png"},{"@type":"BreadcrumbList","@id":"https:\/\/lecathofrancais.fr\/index.php\/boutique-2\/#breadcrumb","itemListElement":[{"@type":"ListItem","position":1,"name":"Accueil","item":"https:\/\/lecathofrancais.fr\/"},{"@type":"ListItem","position":2,"name":"Boutique"}]},{"@type":"WebSite","@id":"https:\/\/lecathofrancais.fr\/#website","url":"https:\/\/lecathofrancais.fr\/","name":"WordPress","description":"Un site utilisant WordPress","potentialAction":[{"@type":"SearchAction","target":{"@type":"EntryPoint","urlTemplate":"https:\/\/lecathofrancais.fr\/?s={search_term_string}"},"query-input":{"@type":"PropertyValueSpecification","valueRequired":true,"valueName":"search_term_string"}}],"inLanguage":"fr-FR"}]}},"jetpack_sharing_enabled":true,"_links":{"self":[{"href":"https:\/\/lecathofrancais.fr\/index.php\/wp-json\/wp\/v2\/pages\/80","targetHints":{"allow":["GET"]}}],"collection":[{"href":"https:\/\/lecathofrancais.fr\/index.php\/wp-json\/wp\/v2\/pages"}],"about":[{"href":"https:\/\/lecathofrancais.fr\/index.php\/wp-json\/wp\/v2\/types\/page"}],"author":[{"embeddable":true,"href":"https:\/\/lecathofrancais.fr\/index.php\/wp-json\/wp\/v2\/users\/1"}],"replies":[{"embeddable":true,"href":"https:\/\/lecathofrancais.fr\/index.php\/wp-json\/wp\/v2\/comments?post=80"}],"version-history":[{"count":4,"href":"https:\/\/lecathofrancais.fr\/index.php\/wp-json\/wp\/v2\/pages\/80\/revisions"}],"predecessor-version":[{"id":94,"href":"https:\/\/lecathofrancais.fr\/index.php\/wp-json\/wp\/v2\/pages\/80\/revisions\/94"}],"wp:attachment":[{"href":"https:\/\/lecathofrancais.fr\/index.php\/wp-json\/wp\/v2\/media?parent=80"}],"curies":[{"name":"wp","href":"https:\/\/api.w.org\/{rel}","templated":true}]}}