{"id":24,"date":"2024-10-16T14:46:46","date_gmt":"2024-10-16T12:46:46","guid":{"rendered":"https:\/\/lecathofrancais.fr\/?page_id=24"},"modified":"2024-10-17T17:45:59","modified_gmt":"2024-10-17T15:45:59","slug":"accueil","status":"publish","type":"page","link":"https:\/\/lecathofrancais.fr\/","title":{"rendered":"Accueil"},"content":{"rendered":"<div class=\"wp-block-columns is-layout-flex wp-container-core-columns-is-layout-9d6595d7 wp-block-columns-is-layout-flex\"><div class=\"wp-block-column is-vertically-aligned-center is-layout-flow wp-block-column-is-layout-flow\"><h2 class=\"wp-block-heading\">A propos de notre boutique Provence Mont Ventoux.<\/h2>\n\n<p>Notre boutique Provence Mont Ventoux vous accueille et vous propose de vous approprier la Provence parce que vous aussi vous l&#8217;aimez sans aucun doute autant que nous ! Sa belle gamme de v\u00eatements et d&#8217;accessoires de qualit\u00e9 ainsi que ses diff\u00e9rents produits de d\u00e9coration, tous fabriqu\u00e9s en France vous s\u00e9duiront par l&#8217;originalit\u00e9 de leurs motifs.<\/p>\n\n<p>Cr\u00e9\u00e9 par des proven\u00e7aux fiers de leurs racines, de leur histoire et fiers de leur pays. Sur notre boutique Provence Mont Ventoux, nous avons souhait\u00e9 mettre en avant notre savoir-faire et notre savoir-vivre. Nos traditions et nos valeurs mais aussi les symboles proven\u00e7aux sont pr\u00e9sents \u00e0 travers une gamme de pr\u00eat-\u00e0-porter, des produits de d\u00e9coration int\u00e9rieure et quelques id\u00e9es souvenirs&#8230;<\/p>\n\n<p>L\u2019amour que nous portons \u00e0 notre belle Provence, nous pousse \u00e0 vous le partager pour que vous puissiez vous aussi faire rayonner notre ch\u00e8re Provence au del\u00e0 de ses fronti\u00e8res ! <\/p>\n\n<div class=\"wp-block-buttons has-custom-font-size has-medium-font-size is-layout-flex wp-block-buttons-is-layout-flex\"><div class=\"wp-block-button has-custom-width wp-block-button__width-75 has-custom-font-size is-style-outline has-medium-font-size is-style-outline--1\"><a class=\"wp-block-button__link has-text-color has-link-color wp-element-button\" href=\"https:\/\/lecathofrancais.fr\/index.php\/a-propos\/\" style=\"color:#140066\">Lire la suite<\/a><\/div><\/div><\/div>\n\n<div class=\"wp-block-column is-layout-flow wp-block-column-is-layout-flow\"><div class=\"wp-block-image\"><figure class=\"aligncenter size-full is-resized\"><img data-recalc-dims=\"1\" decoding=\"async\" src=\"https:\/\/i0.wp.com\/provencemontventoux.com\/wp-content\/uploads\/2024\/07\/IMG_2309-rotated.jpg?w=925&#038;ssl=1\" alt=\"a propos\nlivre avec une coccinelle dessus\" class=\"wp-image-1328\" style=\"width:334px;height:auto\"\/><\/figure><\/div><\/div><\/div><div class=\"wp-block-cover\" style=\"min-height:321px;aspect-ratio:unset;\"><span aria-hidden=\"true\" class=\"wp-block-cover__background has-black-background-color has-background-dim-60 has-background-dim\"><\/span><img data-recalc-dims=\"1\" decoding=\"async\" class=\"wp-block-cover__image-background wp-image-1290\" alt=\"Accueil\nNappe \u00e0 carreaux avec dessus des citrons et une coccinelle\" src=\"https:\/\/i0.wp.com\/provencemontventoux.com\/wp-content\/uploads\/2024\/07\/hjklmu.png?w=925&#038;ssl=1\" style=\"object-position:39% 69%\" data-object-fit=\"cover\" data-object-position=\"39% 69%\"\/><div class=\"wp-block-cover__inner-container is-layout-constrained wp-block-cover-is-layout-constrained\"><p class=\"has-text-align-center has-white-color has-text-color has-link-color has-medium-font-size wp-elements-0a14c9e5fd158b85e2035b651760cf4f\">Provence Mont Ventoux <\/p>\n\n<h2 class=\"wp-block-heading has-text-align-center has-white-color has-text-color has-link-color has-large-font-size wp-elements-eb6619da30b65ec27c871b651db7ee4f\">Nous restons \u00e0 votre \u00e9coute&#8230;<\/h2>\n\n<p class=\"has-text-align-center\">Avec le soleil et les cigales, Provence Mont Ventoux reste \u00e0 votre \u00e9coute pour toutes questions ou demande d\u2019informations. Alors n&#8217;h\u00e9sitez pas !<\/p>\n\n<div class=\"wp-block-buttons is-content-justification-center is-layout-flex wp-container-core-buttons-is-layout-16018d1d wp-block-buttons-is-layout-flex\"><div class=\"wp-block-button is-style-outline is-style-outline--2\"><a class=\"wp-block-button__link has-white-color has-text-color has-link-color wp-element-button\" href=\"https:\/\/lecathofrancais.fr\/index.php\/contact\/\">Nous contacter<\/a><\/div><\/div><\/div><\/div><p><\/p><div class=\"wp-block-cover aligncenter is-light has-white-color has-text-color has-link-color wp-elements-c022a51e304b7fe0ca1b0ae2627b5825\" style=\"min-height:517px;aspect-ratio:unset;\"><span aria-hidden=\"true\" class=\"wp-block-cover__background has-background-dim-0 has-background-dim\"><\/span><div class=\"wp-block-cover__inner-container is-layout-flow wp-block-cover-is-layout-flow\"><h3 class=\"wp-block-heading alignwide has-black-color has-text-color\" style=\"font-size:38px\">Anecdotes proven\u00e7ales : le saviez-vous ?<\/h3>\n\n<p class=\"has-black-color has-text-color has-link-color has-medium-font-size wp-elements-1b18cfd7c355a1403efd9a2039521e24\">L\u2019une des anecdotes les plus c\u00e9l\u00e8bres de notre ch\u00e8re Provence est li\u00e9e au Pont Saint-B\u00e9n\u00e9zet d\u2019Avignon. Il est \u00e9galement connu sous le nom de Pont d&#8217;Avignon. Ce magnifique pont m\u00e9di\u00e9val fut construit au XIIe si\u00e8cle. Il est aujourd&#8217;hui c\u00e9l\u00e8bre par sa beaut\u00e9 et son histoire, mais aussi gr\u00e2ce \u00e0 la chanson populaire connue de tous : &#8220;Sur le pont d&#8217;Avignon&#8221;.<\/p>\n\n<p class=\"has-black-color has-text-color has-link-color has-medium-font-size wp-elements-cf519fd964ebe58a8a4b644528e42b4e\">Selon la l\u00e9gende proven\u00e7ale. Un jeune berger venu des montagnes ard\u00e9choises et nomm\u00e9 B\u00e9n\u00e9zet, guid\u00e9 par une vision divine, est arriv\u00e9 \u00e0 Avignon pour construire un pont sur le Rh\u00f4ne. Il fait face \u00e0 l\u2019incr\u00e9dulit\u00e9 des habitants et \u00e0 celle de l&#8217;\u00e9v\u00eaque. D\u00e9fi\u00e9 par ce dernier, il soul\u00e8ve miraculeusement une \u00e9norme pierre et la jette dans le Rh\u00f4ne. Il prouve ainsi la validit\u00e9 de sa mission. Le pont est alors construit en son honneur mais il meurt en 1183, un an avant son ach\u00e8vement. Le Pont Saint B\u00e9n\u00e9zet est l&#8217;ouvrage le plus ancien construit sur le Rh\u00f4ne entre Lyon et la mer au XII\u00e8me si\u00e8cle.&nbsp;<\/p><\/div><\/div>","protected":false},"excerpt":{"rendered":"<p>A propos de notre boutique Provence Mont Ventoux. Notre boutique Provence Mont Ventoux vous accueille et vous propose de vous approprier la Provence parce que vous aussi vous l&#8217;aimez sans aucun doute autant que nous ! Sa belle gamme de v\u00eatements et d&#8217;accessoires de qualit\u00e9 ainsi que ses diff\u00e9rents produits de d\u00e9coration, tous fabriqu\u00e9s en &hellip; <\/p>\n","protected":false},"author":1,"featured_media":0,"parent":0,"menu_order":0,"comment_status":"closed","ping_status":"closed","template":"","meta":{"footnotes":""},"class_list":["post-24","page","type-page","status-publish","hentry"],"yoast_head":"<!-- This site is optimized with the Yoast SEO plugin v23.6 - https:\/\/yoast.com\/wordpress\/plugins\/seo\/ -->\n<title>Accueil - WordPress<\/title>\n<meta name=\"robots\" content=\"noindex, follow, max-snippet:-1, max-image-preview:large, max-video-preview:-1\" \/>\n<meta property=\"og:locale\" content=\"fr_FR\" \/>\n<meta property=\"og:type\" content=\"article\" \/>\n<meta property=\"og:title\" content=\"Accueil - WordPress\" \/>\n<meta property=\"og:description\" content=\"A propos de notre boutique Provence Mont Ventoux. Notre boutique Provence Mont Ventoux vous accueille et vous propose de vous approprier la Provence parce que vous aussi vous l&#8217;aimez sans aucun doute autant que nous ! Sa belle gamme de v\u00eatements et d&#8217;accessoires de qualit\u00e9 ainsi que ses diff\u00e9rents produits de d\u00e9coration, tous fabriqu\u00e9s en &hellip;\" \/>\n<meta property=\"og:url\" content=\"https:\/\/lecathofrancais.fr\/\" \/>\n<meta property=\"og:site_name\" content=\"WordPress\" \/>\n<meta property=\"article:modified_time\" content=\"2024-10-17T15:45:59+00:00\" \/>\n<meta property=\"og:image\" content=\"https:\/\/provencemontventoux.com\/wp-content\/uploads\/2024\/07\/IMG_2309-rotated.jpg\" \/>\n<meta name=\"twitter:card\" content=\"summary_large_image\" \/>\n<meta name=\"twitter:label1\" content=\"Dur\u00e9e de lecture estim\u00e9e\" \/>\n\t<meta name=\"twitter:data1\" content=\"3 minutes\" \/>\n<script type=\"application\/ld+json\" class=\"yoast-schema-graph\">{\"@context\":\"https:\/\/schema.org\",\"@graph\":[{\"@type\":\"WebPage\",\"@id\":\"https:\/\/lecathofrancais.fr\/\",\"url\":\"https:\/\/lecathofrancais.fr\/\",\"name\":\"Accueil - WordPress\",\"isPartOf\":{\"@id\":\"https:\/\/lecathofrancais.fr\/#website\"},\"primaryImageOfPage\":{\"@id\":\"https:\/\/lecathofrancais.fr\/#primaryimage\"},\"image\":{\"@id\":\"https:\/\/lecathofrancais.fr\/#primaryimage\"},\"thumbnailUrl\":\"https:\/\/provencemontventoux.com\/wp-content\/uploads\/2024\/07\/IMG_2309-rotated.jpg\",\"datePublished\":\"2024-10-16T12:46:46+00:00\",\"dateModified\":\"2024-10-17T15:45:59+00:00\",\"breadcrumb\":{\"@id\":\"https:\/\/lecathofrancais.fr\/#breadcrumb\"},\"inLanguage\":\"fr-FR\",\"potentialAction\":[{\"@type\":\"ReadAction\",\"target\":[\"https:\/\/lecathofrancais.fr\/\"]}]},{\"@type\":\"ImageObject\",\"inLanguage\":\"fr-FR\",\"@id\":\"https:\/\/lecathofrancais.fr\/#primaryimage\",\"url\":\"https:\/\/provencemontventoux.com\/wp-content\/uploads\/2024\/07\/IMG_2309-rotated.jpg\",\"contentUrl\":\"https:\/\/provencemontventoux.com\/wp-content\/uploads\/2024\/07\/IMG_2309-rotated.jpg\"},{\"@type\":\"BreadcrumbList\",\"@id\":\"https:\/\/lecathofrancais.fr\/#breadcrumb\",\"itemListElement\":[{\"@type\":\"ListItem\",\"position\":1,\"name\":\"Accueil\",\"item\":\"https:\/\/lecathofrancais.fr\/\"},{\"@type\":\"ListItem\",\"position\":2,\"name\":\"Accueil\"}]},{\"@type\":\"WebSite\",\"@id\":\"https:\/\/lecathofrancais.fr\/#website\",\"url\":\"https:\/\/lecathofrancais.fr\/\",\"name\":\"WordPress\",\"description\":\"Un site utilisant WordPress\",\"potentialAction\":[{\"@type\":\"SearchAction\",\"target\":{\"@type\":\"EntryPoint\",\"urlTemplate\":\"https:\/\/lecathofrancais.fr\/?s={search_term_string}\"},\"query-input\":{\"@type\":\"PropertyValueSpecification\",\"valueRequired\":true,\"valueName\":\"search_term_string\"}}],\"inLanguage\":\"fr-FR\"}]}<\/script>\n<!-- \/ Yoast SEO plugin. -->","yoast_head_json":{"title":"Accueil - WordPress","robots":{"index":"noindex","follow":"follow","max-snippet":"max-snippet:-1","max-image-preview":"max-image-preview:large","max-video-preview":"max-video-preview:-1"},"og_locale":"fr_FR","og_type":"article","og_title":"Accueil - WordPress","og_description":"A propos de notre boutique Provence Mont Ventoux. Notre boutique Provence Mont Ventoux vous accueille et vous propose de vous approprier la Provence parce que vous aussi vous l&#8217;aimez sans aucun doute autant que nous ! Sa belle gamme de v\u00eatements et d&#8217;accessoires de qualit\u00e9 ainsi que ses diff\u00e9rents produits de d\u00e9coration, tous fabriqu\u00e9s en &hellip;","og_url":"https:\/\/lecathofrancais.fr\/","og_site_name":"WordPress","article_modified_time":"2024-10-17T15:45:59+00:00","og_image":[{"url":"https:\/\/provencemontventoux.com\/wp-content\/uploads\/2024\/07\/IMG_2309-rotated.jpg"}],"twitter_card":"summary_large_image","twitter_misc":{"Dur\u00e9e de lecture estim\u00e9e":"3 minutes"},"schema":{"@context":"https:\/\/schema.org","@graph":[{"@type":"WebPage","@id":"https:\/\/lecathofrancais.fr\/","url":"https:\/\/lecathofrancais.fr\/","name":"Accueil - WordPress","isPartOf":{"@id":"https:\/\/lecathofrancais.fr\/#website"},"primaryImageOfPage":{"@id":"https:\/\/lecathofrancais.fr\/#primaryimage"},"image":{"@id":"https:\/\/lecathofrancais.fr\/#primaryimage"},"thumbnailUrl":"https:\/\/provencemontventoux.com\/wp-content\/uploads\/2024\/07\/IMG_2309-rotated.jpg","datePublished":"2024-10-16T12:46:46+00:00","dateModified":"2024-10-17T15:45:59+00:00","breadcrumb":{"@id":"https:\/\/lecathofrancais.fr\/#breadcrumb"},"inLanguage":"fr-FR","potentialAction":[{"@type":"ReadAction","target":["https:\/\/lecathofrancais.fr\/"]}]},{"@type":"ImageObject","inLanguage":"fr-FR","@id":"https:\/\/lecathofrancais.fr\/#primaryimage","url":"https:\/\/provencemontventoux.com\/wp-content\/uploads\/2024\/07\/IMG_2309-rotated.jpg","contentUrl":"https:\/\/provencemontventoux.com\/wp-content\/uploads\/2024\/07\/IMG_2309-rotated.jpg"},{"@type":"BreadcrumbList","@id":"https:\/\/lecathofrancais.fr\/#breadcrumb","itemListElement":[{"@type":"ListItem","position":1,"name":"Accueil","item":"https:\/\/lecathofrancais.fr\/"},{"@type":"ListItem","position":2,"name":"Accueil"}]},{"@type":"WebSite","@id":"https:\/\/lecathofrancais.fr\/#website","url":"https:\/\/lecathofrancais.fr\/","name":"WordPress","description":"Un site utilisant WordPress","potentialAction":[{"@type":"SearchAction","target":{"@type":"EntryPoint","urlTemplate":"https:\/\/lecathofrancais.fr\/?s={search_term_string}"},"query-input":{"@type":"PropertyValueSpecification","valueRequired":true,"valueName":"search_term_string"}}],"inLanguage":"fr-FR"}]}},"jetpack_sharing_enabled":true,"_links":{"self":[{"href":"https:\/\/lecathofrancais.fr\/index.php\/wp-json\/wp\/v2\/pages\/24","targetHints":{"allow":["GET"]}}],"collection":[{"href":"https:\/\/lecathofrancais.fr\/index.php\/wp-json\/wp\/v2\/pages"}],"about":[{"href":"https:\/\/lecathofrancais.fr\/index.php\/wp-json\/wp\/v2\/types\/page"}],"author":[{"embeddable":true,"href":"https:\/\/lecathofrancais.fr\/index.php\/wp-json\/wp\/v2\/users\/1"}],"replies":[{"embeddable":true,"href":"https:\/\/lecathofrancais.fr\/index.php\/wp-json\/wp\/v2\/comments?post=24"}],"version-history":[{"count":3,"href":"https:\/\/lecathofrancais.fr\/index.php\/wp-json\/wp\/v2\/pages\/24\/revisions"}],"predecessor-version":[{"id":106,"href":"https:\/\/lecathofrancais.fr\/index.php\/wp-json\/wp\/v2\/pages\/24\/revisions\/106"}],"wp:attachment":[{"href":"https:\/\/lecathofrancais.fr\/index.php\/wp-json\/wp\/v2\/media?parent=24"}],"curies":[{"name":"wp","href":"https:\/\/api.w.org\/{rel}","templated":true}]}}