{"id":20,"date":"2024-10-16T14:46:10","date_gmt":"2024-10-16T12:46:10","guid":{"rendered":"https:\/\/lecathofrancais.fr\/?page_id=20"},"modified":"2024-10-16T15:13:19","modified_gmt":"2024-10-16T13:13:19","slug":"contact","status":"publish","type":"page","link":"https:\/\/lecathofrancais.fr\/index.php\/contact\/","title":{"rendered":"Contact"},"content":{"rendered":"<p class=\"has-text-align-center\">Sur notre site Provence Mont Ventoux la relation avec nos clients est tr\u00e8s importante.  C&#8217;est pour cela que nous restons \u00e0 votre \u00e9coute pour toutes questions ou demande d&#8217;informations. Nous y r\u00e9pondrons de notre mieux ! <\/p><p class=\"has-text-align-center has-small-font-size\"><\/p><h2 class=\"wp-block-heading has-text-align-center\">Formulaire de contact<\/h2><style id=\"wpforms-css-vars-root\">\n\t\t\t\t:root {\n\t\t\t\t\t--wpforms-field-border-radius: 3px;\n--wpforms-field-border-style: solid;\n--wpforms-field-border-size: 1px;\n--wpforms-field-background-color: #ffffff;\n--wpforms-field-border-color: rgba( 0, 0, 0, 0.25 );\n--wpforms-field-border-color-spare: rgba( 0, 0, 0, 0.25 );\n--wpforms-field-text-color: rgba( 0, 0, 0, 0.7 );\n--wpforms-field-menu-color: #ffffff;\n--wpforms-label-color: rgba( 0, 0, 0, 0.85 );\n--wpforms-label-sublabel-color: rgba( 0, 0, 0, 0.55 );\n--wpforms-label-error-color: #d63637;\n--wpforms-button-border-radius: 3px;\n--wpforms-button-border-style: none;\n--wpforms-button-border-size: 1px;\n--wpforms-button-background-color: #066aab;\n--wpforms-button-border-color: #066aab;\n--wpforms-button-text-color: #ffffff;\n--wpforms-page-break-color: #066aab;\n--wpforms-background-image: none;\n--wpforms-background-position: center center;\n--wpforms-background-repeat: no-repeat;\n--wpforms-background-size: cover;\n--wpforms-background-width: 100px;\n--wpforms-background-height: 100px;\n--wpforms-background-color: rgba( 0, 0, 0, 0 );\n--wpforms-background-url: none;\n--wpforms-container-padding: 0px;\n--wpforms-container-border-style: none;\n--wpforms-container-border-width: 1px;\n--wpforms-container-border-color: #000000;\n--wpforms-container-border-radius: 3px;\n--wpforms-field-size-input-height: 43px;\n--wpforms-field-size-input-spacing: 15px;\n--wpforms-field-size-font-size: 16px;\n--wpforms-field-size-line-height: 19px;\n--wpforms-field-size-padding-h: 14px;\n--wpforms-field-size-checkbox-size: 16px;\n--wpforms-field-size-sublabel-spacing: 5px;\n--wpforms-field-size-icon-size: 1;\n--wpforms-label-size-font-size: 16px;\n--wpforms-label-size-line-height: 19px;\n--wpforms-label-size-sublabel-font-size: 14px;\n--wpforms-label-size-sublabel-line-height: 17px;\n--wpforms-button-size-font-size: 17px;\n--wpforms-button-size-height: 41px;\n--wpforms-button-size-padding-h: 15px;\n--wpforms-button-size-margin-top: 10px;\n--wpforms-container-shadow-size-box-shadow: none;\n\n\t\t\t\t}\n\t\t\t<\/style><div class=\"wpforms-container wpforms-container-full wpforms-block wpforms-block-1cd5d92c-064f-4dd5-b3d3-96aa577d4c73 wpforms-render-modern\" id=\"wpforms-45\"><form id=\"wpforms-form-45\" class=\"wpforms-validate wpforms-form wpforms-ajax-form\" data-formid=\"45\" method=\"post\" enctype=\"multipart\/form-data\" action=\"\/index.php\/wp-json\/wp\/v2\/pages\/20\" data-token=\"760af8c4709ff9d16e1de768d0922d62\" data-token-time=\"1775575688\"><noscript class=\"wpforms-error-noscript\">Veuillez activer JavaScript dans votre navigateur pour remplir ce formulaire.<\/noscript><div class=\"wpforms-hidden\" id=\"wpforms-error-noscript\">Veuillez activer JavaScript dans votre navigateur pour remplir ce formulaire.<\/div><div class=\"wpforms-field-container\"><div id=\"wpforms-45-field_1-container\" class=\"wpforms-field wpforms-field-name\" data-field-id=\"1\"><fieldset><legend class=\"wpforms-field-label\">Nom <span class=\"wpforms-required-label\" aria-hidden=\"true\">*<\/span><\/legend><div class=\"wpforms-field-row wpforms-field-medium\"><div class=\"wpforms-field-row-block wpforms-first wpforms-one-half\"><input type=\"text\" id=\"wpforms-45-field_1\" class=\"wpforms-field-name-first wpforms-field-required\" name=\"wpforms[fields][1][first]\" aria-errormessage=\"wpforms-45-field_1-error\" required><label for=\"wpforms-45-field_1\" class=\"wpforms-field-sublabel after\">Pr\u00e9nom<\/label><\/div><div class=\"wpforms-field-row-block wpforms-one-half\"><input type=\"text\" id=\"wpforms-45-field_1-last\" class=\"wpforms-field-name-last wpforms-field-required\" name=\"wpforms[fields][1][last]\" aria-errormessage=\"wpforms-45-field_1-last-error\" required><label for=\"wpforms-45-field_1-last\" class=\"wpforms-field-sublabel after\">Nom<\/label><\/div><\/div><\/fieldset><\/div><div id=\"wpforms-45-field_2-container\" class=\"wpforms-field wpforms-field-email\" data-field-id=\"2\"><label class=\"wpforms-field-label\" for=\"wpforms-45-field_2\">E-mail <span class=\"wpforms-required-label\" aria-hidden=\"true\">*<\/span><\/label><input type=\"email\" id=\"wpforms-45-field_2\" class=\"wpforms-field-medium wpforms-field-required\" name=\"wpforms[fields][2]\" spellcheck=\"false\" aria-errormessage=\"wpforms-45-field_2-error\" required><\/div><div id=\"wpforms-45-field_3-container\" class=\"wpforms-field wpforms-field-textarea\" data-field-id=\"3\"><label class=\"wpforms-field-label\" for=\"wpforms-45-field_3\">Commentaire ou message<\/label><textarea id=\"wpforms-45-field_3\" class=\"wpforms-field-medium\" name=\"wpforms[fields][3]\" aria-errormessage=\"wpforms-45-field_3-error\" ><\/textarea><\/div><div id=\"wpforms-45-field_4-container\" class=\"wpforms-field wpforms-field-checkbox\" data-field-id=\"4\"><fieldset><legend class=\"wpforms-field-label\">Accord RGPD <span class=\"wpforms-required-label\" aria-hidden=\"true\">*<\/span><\/legend><ul id=\"wpforms-45-field_4\" class=\"wpforms-field-required\"><li class=\"choice-1 depth-1\"><input type=\"checkbox\" id=\"wpforms-45-field_4_1\" name=\"wpforms[fields][4][]\" value=\"Je consens \u00e0 ce que ce site stocke mes informations envoy\u00e9es afin qu\u2019ils puissent r\u00e9pondre \u00e0 ma requ\u00eate.\" aria-errormessage=\"wpforms-45-field_4_1-error\" required ><label class=\"wpforms-field-label-inline\" for=\"wpforms-45-field_4_1\">Je consens \u00e0 ce que ce site stocke mes informations envoy\u00e9es afin qu\u2019ils puissent r\u00e9pondre \u00e0 ma requ\u00eate.<\/label><\/li><\/ul><\/fieldset><\/div><\/div><!-- .wpforms-field-container --><div class=\"wpforms-submit-container\" ><input type=\"hidden\" name=\"wpforms[id]\" value=\"45\"><input type=\"hidden\" name=\"page_title\" value=\"\"><input type=\"hidden\" name=\"page_url\" value=\"https:\/\/lecathofrancais.fr\/index.php\/wp-json\/wp\/v2\/pages\/20\"><button type=\"submit\" name=\"wpforms[submit]\" id=\"wpforms-submit-45\" class=\"wpforms-submit\" data-alt-text=\"Envoi...\" data-submit-text=\"Envoyer\" aria-live=\"assertive\" value=\"wpforms-submit\">Envoyer<\/button><img loading=\"lazy\" decoding=\"async\" src=\"https:\/\/lecathofrancais.fr\/wp-content\/plugins\/wpforms-lite\/assets\/images\/submit-spin.svg\" class=\"wpforms-submit-spinner\" style=\"display: none;\" width=\"26\" height=\"26\" alt=\"Chargement en cours\"><\/div><\/form><\/div>  <!-- .wpforms-container --><p class=\"has-text-align-left\">Provence Mont Ventoux traitera les informations que vous nous communiquez via ce formulaire afin de r\u00e9pondre \u00e0 votre demande. Nous utiliserons vos donn\u00e9es personnelles conform\u00e9ment \u00e0 notre politique de confidentialit\u00e9 et ne les partagerons qu&#8217;avec les destinataires autoris\u00e9s. Vous pouvez exercer vos droits relatifs \u00e0 vos donn\u00e9es personnelles en nous contactant directement via ce formulaire de contact. Pour plus de d\u00e9tails, veuillez consulter notre<a href=\"https:\/\/provencemontventoux.com\/politique-de-confidentialite\/\"> politique de confidentialit\u00e9.<\/a> Vous pouvez vous d\u00e9sabonner \u00e0 tout moment.<\/p><div class=\"wp-block-columns alignfull has-text-color has-background is-layout-flex wp-container-core-columns-is-layout-9d6595d7 wp-block-columns-is-layout-flex\" style=\"color:#000000;background-color:#ffffff\"><div class=\"wp-block-column is-layout-flow wp-block-column-is-layout-flow\"><h3 class=\"wp-block-heading has-text-align-center\" style=\"font-size:24px;line-height:1.3\">Horaires <\/h3>\n\n<p class=\"has-text-align-center\">Du lundi au vendredi de 9h00 \u00e0 12h et de 14h \u00e0 18h00.<\/p>\n\n<p class=\"has-text-align-center\">Nous sommes ferm\u00e9s les samedis, dimanches et jours f\u00e9ri\u00e9.<\/p><\/div>\n\n<div class=\"wp-block-column is-layout-flow wp-block-column-is-layout-flow\"><h3 class=\"wp-block-heading has-text-align-center\" style=\"font-size:24px;line-height:1.3\">Coordonn\u00e9es<\/h3>\n\n<p><\/p>\n\n<p class=\"has-text-align-center\">Merci de nous contacter par mail \u00e0 l&#8217;adresse suivante : contact@provencemontventoux.com<\/p><\/div>\n\n<div class=\"wp-block-column is-layout-flow wp-block-column-is-layout-flow\"><h3 class=\"wp-block-heading has-text-align-center\" style=\"font-size:24px;line-height:1.3\">Retrouvez-nous <\/h3>\n\n<div class=\"wp-block-image\"><figure class=\"aligncenter size-large is-resized\"><a href=\"https:\/\/www.instagram.com\/\"><img data-recalc-dims=\"1\" height=\"951\" width=\"925\" decoding=\"async\" src=\"https:\/\/i0.wp.com\/provencemontventoux.com\/wp-content\/uploads\/2024\/06\/insta-996x1024.png?resize=925%2C951&#038;ssl=1\" alt=\"ic\u00f4ne r\u00e9seau social Instagram\" class=\"wp-image-352\" style=\"width:30px;height:auto\"\/><\/a><\/figure><\/div>\n\n<p><\/p>\n\n<div class=\"wp-block-image\"><figure class=\"aligncenter size-large is-resized\"><a href=\"https:\/\/www.facebook.com\/?locale=fr_FR\"><img data-recalc-dims=\"1\" height=\"1024\" width=\"550\" decoding=\"async\" src=\"https:\/\/i0.wp.com\/provencemontventoux.com\/wp-content\/uploads\/2024\/06\/facebook-2429746_1280-550x1024.png?resize=550%2C1024&#038;ssl=1\" alt=\"ic\u00f4ne r\u00e9seau social Facebook\" class=\"wp-image-351\" style=\"width:20px;height:auto\"\/><\/a><\/figure><\/div>\n\n<p><\/p><\/div><\/div><div class=\"wp-block-columns alignwide is-layout-flex wp-container-core-columns-is-layout-27d3582e wp-block-columns-is-layout-flex\"><div class=\"wp-block-column is-layout-flow wp-block-column-is-layout-flow\"><h2 class=\"wp-block-heading has-text-color has-x-large-font-size\" style=\"color:#000000\">Notre boutique<\/h2>\n\n<div class=\"wp-block-group is-content-justification-left\"><div class=\"wp-block-group__inner-container is-layout-constrained wp-container-core-group-is-layout-8c890d92 wp-block-group-is-layout-constrained\"><p>D\u00e9couvrez notre belle boutique et ses produits de tr\u00e8s belle qualit\u00e9 choisis avec soin de fabrication fran\u00e7aise et enti\u00e8rement personnalis\u00e9s dans notre atelier en Provence dans le Vaucluse au pied du Mont Ventoux.<\/p>\n\n<p>Explorez nos diff\u00e9rents espaces : mode, d\u00e9coration, et souvenirs.  Laissez vous impr\u00e9gner de cette douceur proven\u00e7ale pour garder notre belle r\u00e9gion toujours pr\u00e8s de vous.<\/p><\/div><\/div>\n\n<div class=\"wp-block-group is-content-justification-left\"><div class=\"wp-block-group__inner-container is-layout-constrained wp-container-core-group-is-layout-8c890d92 wp-block-group-is-layout-constrained\"><div class=\"wp-block-buttons is-layout-flex wp-block-buttons-is-layout-flex\"><div class=\"wp-block-button is-style-outline is-style-outline--1\"><a class=\"wp-block-button__link has-text-color wp-element-button\" href=\"https:\/\/provencemontventoux.com\/boutique\/\" style=\"color:#140066\">D\u00e9couvrir<\/a><\/div><\/div><\/div><\/div><\/div>\n\n<div class=\"wp-block-column is-vertically-aligned-center is-layout-flow wp-block-column-is-layout-flow\" style=\"padding-top:0;padding-right:40px;padding-bottom:0;padding-left:0px\"><div class=\"wp-block-image\"><figure class=\"aligncenter size-full is-resized\"><img data-recalc-dims=\"1\" decoding=\"async\" src=\"https:\/\/i0.wp.com\/provencemontventoux.com\/wp-content\/uploads\/2024\/07\/oikj.png?w=925&#038;ssl=1\" alt=\"Deux t-shirts marqu\u00e9s cote \u00e0 cote sur une nappe \u00e0 carreaux \u00e0 retrouver sur la boutique.\" class=\"wp-image-1303\" style=\"width:347px;height:auto\"\/><\/figure><\/div><\/div><\/div><div class=\"wp-block-columns alignwide is-layout-flex wp-container-core-columns-is-layout-27d3582e wp-block-columns-is-layout-flex\"><div class=\"wp-block-column is-layout-flow wp-block-column-is-layout-flow\" style=\"padding-top:0;padding-right:40px;padding-bottom:0;padding-left:0px\"><div class=\"wp-block-image\"><figure class=\"aligncenter size-full is-resized\"><img data-recalc-dims=\"1\" decoding=\"async\" src=\"https:\/\/i0.wp.com\/provencemontventoux.com\/wp-content\/uploads\/2024\/07\/IMG_2309-rotated.jpg?w=925&#038;ssl=1\" alt=\"Livre ouvert sur une nappe \u00e0 carreaux avec une coccinelle dessus.\" class=\"wp-image-896\" style=\"width:345px;height:auto\"\/><\/figure><\/div><\/div>\n\n<div class=\"wp-block-column is-layout-flow wp-block-column-is-layout-flow\"><h2 class=\"wp-block-heading has-text-color has-x-large-font-size\" style=\"color:#000000\">Qui sommes-nous ?<\/h2>\n\n<div class=\"wp-block-group is-content-justification-left\"><div class=\"wp-block-group__inner-container is-layout-constrained wp-container-core-group-is-layout-8c890d92 wp-block-group-is-layout-constrained\"><p>Provence Mont Ventoux est un site enti\u00e8rement d\u00e9di\u00e9 \u00e0 la Provence avec des produits fabriqu\u00e9s en France et enti\u00e8rement personnalis\u00e9s dans le Vaucluse.<\/p>\n\n<p>Des Proven\u00e7aux fiers de leurs racines et de leur histoire, fiers de leur pays, ont cr\u00e9\u00e9 ce site pour vous faire plaisir et pour que vous puissiez profiter de la beaut\u00e9 de cette r\u00e9gion. Nous mettons en avant notre savoir-faire et notre savoir-vivre, nos traditions et nos symboles au tavers de tous les produits de qualit\u00e9 que nous vous proposons.<\/p>\n\n<p>Notre amour pour cette belle r\u00e9gion nous pousse \u00e0 le partager avec vous. Fabriqu\u00e9 en France et sublim\u00e9 en Provence telle est notre but, notre devise.<\/p><\/div><\/div>\n\n<div class=\"wp-block-group is-content-justification-left\"><div class=\"wp-block-group__inner-container is-layout-constrained wp-container-core-group-is-layout-8c890d92 wp-block-group-is-layout-constrained\"><div class=\"wp-block-buttons is-layout-flex wp-block-buttons-is-layout-flex\"><div class=\"wp-block-button is-style-outline is-style-outline--2\"><a class=\"wp-block-button__link has-text-color wp-element-button\" href=\"https:\/\/provencemontventoux.com\/a-propos\/\" style=\"color:#140066\">En savoir plus<\/a><\/div><\/div><\/div><\/div><\/div><\/div>","protected":false},"excerpt":{"rendered":"<p>Sur notre site Provence Mont Ventoux la relation avec nos clients est tr\u00e8s importante. C&#8217;est pour cela que nous restons \u00e0 votre \u00e9coute pour toutes questions ou demande d&#8217;informations. Nous y r\u00e9pondrons de notre mieux ! Formulaire de contact Provence Mont Ventoux traitera les informations que vous nous communiquez via ce formulaire afin de r\u00e9pondre &hellip; <\/p>\n","protected":false},"author":1,"featured_media":0,"parent":0,"menu_order":0,"comment_status":"closed","ping_status":"closed","template":"","meta":{"footnotes":""},"class_list":["post-20","page","type-page","status-publish","hentry"],"yoast_head":"<!-- This site is optimized with the Yoast SEO plugin v23.6 - https:\/\/yoast.com\/wordpress\/plugins\/seo\/ -->\n<title>Contact - WordPress<\/title>\n<meta name=\"robots\" content=\"noindex, follow, max-snippet:-1, max-image-preview:large, max-video-preview:-1\" \/>\n<meta property=\"og:locale\" content=\"fr_FR\" \/>\n<meta property=\"og:type\" content=\"article\" \/>\n<meta property=\"og:title\" content=\"Contact - WordPress\" \/>\n<meta property=\"og:description\" content=\"Sur notre site Provence Mont Ventoux la relation avec nos clients est tr\u00e8s importante. C&#8217;est pour cela que nous restons \u00e0 votre \u00e9coute pour toutes questions ou demande d&#8217;informations. Nous y r\u00e9pondrons de notre mieux ! Formulaire de contact Provence Mont Ventoux traitera les informations que vous nous communiquez via ce formulaire afin de r\u00e9pondre &hellip;\" \/>\n<meta property=\"og:url\" content=\"https:\/\/lecathofrancais.fr\/index.php\/contact\/\" \/>\n<meta property=\"og:site_name\" content=\"WordPress\" \/>\n<meta property=\"article:modified_time\" content=\"2024-10-16T13:13:19+00:00\" \/>\n<meta property=\"og:image\" content=\"https:\/\/provencemontventoux.com\/wp-content\/uploads\/2024\/06\/insta-996x1024.png\" \/>\n<meta name=\"twitter:card\" content=\"summary_large_image\" \/>\n<meta name=\"twitter:label1\" content=\"Dur\u00e9e de lecture estim\u00e9e\" \/>\n\t<meta name=\"twitter:data1\" content=\"3 minutes\" \/>\n<script type=\"application\/ld+json\" class=\"yoast-schema-graph\">{\"@context\":\"https:\/\/schema.org\",\"@graph\":[{\"@type\":\"WebPage\",\"@id\":\"https:\/\/lecathofrancais.fr\/index.php\/contact\/\",\"url\":\"https:\/\/lecathofrancais.fr\/index.php\/contact\/\",\"name\":\"Contact - WordPress\",\"isPartOf\":{\"@id\":\"https:\/\/lecathofrancais.fr\/#website\"},\"primaryImageOfPage\":{\"@id\":\"https:\/\/lecathofrancais.fr\/index.php\/contact\/#primaryimage\"},\"image\":{\"@id\":\"https:\/\/lecathofrancais.fr\/index.php\/contact\/#primaryimage\"},\"thumbnailUrl\":\"https:\/\/provencemontventoux.com\/wp-content\/uploads\/2024\/06\/insta-996x1024.png\",\"datePublished\":\"2024-10-16T12:46:10+00:00\",\"dateModified\":\"2024-10-16T13:13:19+00:00\",\"breadcrumb\":{\"@id\":\"https:\/\/lecathofrancais.fr\/index.php\/contact\/#breadcrumb\"},\"inLanguage\":\"fr-FR\",\"potentialAction\":[{\"@type\":\"ReadAction\",\"target\":[\"https:\/\/lecathofrancais.fr\/index.php\/contact\/\"]}]},{\"@type\":\"ImageObject\",\"inLanguage\":\"fr-FR\",\"@id\":\"https:\/\/lecathofrancais.fr\/index.php\/contact\/#primaryimage\",\"url\":\"https:\/\/provencemontventoux.com\/wp-content\/uploads\/2024\/06\/insta-996x1024.png\",\"contentUrl\":\"https:\/\/provencemontventoux.com\/wp-content\/uploads\/2024\/06\/insta-996x1024.png\"},{\"@type\":\"BreadcrumbList\",\"@id\":\"https:\/\/lecathofrancais.fr\/index.php\/contact\/#breadcrumb\",\"itemListElement\":[{\"@type\":\"ListItem\",\"position\":1,\"name\":\"Accueil\",\"item\":\"https:\/\/lecathofrancais.fr\/\"},{\"@type\":\"ListItem\",\"position\":2,\"name\":\"Contact\"}]},{\"@type\":\"WebSite\",\"@id\":\"https:\/\/lecathofrancais.fr\/#website\",\"url\":\"https:\/\/lecathofrancais.fr\/\",\"name\":\"WordPress\",\"description\":\"Un site utilisant WordPress\",\"potentialAction\":[{\"@type\":\"SearchAction\",\"target\":{\"@type\":\"EntryPoint\",\"urlTemplate\":\"https:\/\/lecathofrancais.fr\/?s={search_term_string}\"},\"query-input\":{\"@type\":\"PropertyValueSpecification\",\"valueRequired\":true,\"valueName\":\"search_term_string\"}}],\"inLanguage\":\"fr-FR\"}]}<\/script>\n<!-- \/ Yoast SEO plugin. -->","yoast_head_json":{"title":"Contact - WordPress","robots":{"index":"noindex","follow":"follow","max-snippet":"max-snippet:-1","max-image-preview":"max-image-preview:large","max-video-preview":"max-video-preview:-1"},"og_locale":"fr_FR","og_type":"article","og_title":"Contact - WordPress","og_description":"Sur notre site Provence Mont Ventoux la relation avec nos clients est tr\u00e8s importante. C&#8217;est pour cela que nous restons \u00e0 votre \u00e9coute pour toutes questions ou demande d&#8217;informations. Nous y r\u00e9pondrons de notre mieux ! Formulaire de contact Provence Mont Ventoux traitera les informations que vous nous communiquez via ce formulaire afin de r\u00e9pondre &hellip;","og_url":"https:\/\/lecathofrancais.fr\/index.php\/contact\/","og_site_name":"WordPress","article_modified_time":"2024-10-16T13:13:19+00:00","og_image":[{"url":"https:\/\/provencemontventoux.com\/wp-content\/uploads\/2024\/06\/insta-996x1024.png"}],"twitter_card":"summary_large_image","twitter_misc":{"Dur\u00e9e de lecture estim\u00e9e":"3 minutes"},"schema":{"@context":"https:\/\/schema.org","@graph":[{"@type":"WebPage","@id":"https:\/\/lecathofrancais.fr\/index.php\/contact\/","url":"https:\/\/lecathofrancais.fr\/index.php\/contact\/","name":"Contact - WordPress","isPartOf":{"@id":"https:\/\/lecathofrancais.fr\/#website"},"primaryImageOfPage":{"@id":"https:\/\/lecathofrancais.fr\/index.php\/contact\/#primaryimage"},"image":{"@id":"https:\/\/lecathofrancais.fr\/index.php\/contact\/#primaryimage"},"thumbnailUrl":"https:\/\/provencemontventoux.com\/wp-content\/uploads\/2024\/06\/insta-996x1024.png","datePublished":"2024-10-16T12:46:10+00:00","dateModified":"2024-10-16T13:13:19+00:00","breadcrumb":{"@id":"https:\/\/lecathofrancais.fr\/index.php\/contact\/#breadcrumb"},"inLanguage":"fr-FR","potentialAction":[{"@type":"ReadAction","target":["https:\/\/lecathofrancais.fr\/index.php\/contact\/"]}]},{"@type":"ImageObject","inLanguage":"fr-FR","@id":"https:\/\/lecathofrancais.fr\/index.php\/contact\/#primaryimage","url":"https:\/\/provencemontventoux.com\/wp-content\/uploads\/2024\/06\/insta-996x1024.png","contentUrl":"https:\/\/provencemontventoux.com\/wp-content\/uploads\/2024\/06\/insta-996x1024.png"},{"@type":"BreadcrumbList","@id":"https:\/\/lecathofrancais.fr\/index.php\/contact\/#breadcrumb","itemListElement":[{"@type":"ListItem","position":1,"name":"Accueil","item":"https:\/\/lecathofrancais.fr\/"},{"@type":"ListItem","position":2,"name":"Contact"}]},{"@type":"WebSite","@id":"https:\/\/lecathofrancais.fr\/#website","url":"https:\/\/lecathofrancais.fr\/","name":"WordPress","description":"Un site utilisant WordPress","potentialAction":[{"@type":"SearchAction","target":{"@type":"EntryPoint","urlTemplate":"https:\/\/lecathofrancais.fr\/?s={search_term_string}"},"query-input":{"@type":"PropertyValueSpecification","valueRequired":true,"valueName":"search_term_string"}}],"inLanguage":"fr-FR"}]}},"jetpack_sharing_enabled":true,"_links":{"self":[{"href":"https:\/\/lecathofrancais.fr\/index.php\/wp-json\/wp\/v2\/pages\/20","targetHints":{"allow":["GET"]}}],"collection":[{"href":"https:\/\/lecathofrancais.fr\/index.php\/wp-json\/wp\/v2\/pages"}],"about":[{"href":"https:\/\/lecathofrancais.fr\/index.php\/wp-json\/wp\/v2\/types\/page"}],"author":[{"embeddable":true,"href":"https:\/\/lecathofrancais.fr\/index.php\/wp-json\/wp\/v2\/users\/1"}],"replies":[{"embeddable":true,"href":"https:\/\/lecathofrancais.fr\/index.php\/wp-json\/wp\/v2\/comments?post=20"}],"version-history":[{"count":2,"href":"https:\/\/lecathofrancais.fr\/index.php\/wp-json\/wp\/v2\/pages\/20\/revisions"}],"predecessor-version":[{"id":54,"href":"https:\/\/lecathofrancais.fr\/index.php\/wp-json\/wp\/v2\/pages\/20\/revisions\/54"}],"wp:attachment":[{"href":"https:\/\/lecathofrancais.fr\/index.php\/wp-json\/wp\/v2\/media?parent=20"}],"curies":[{"name":"wp","href":"https:\/\/api.w.org\/{rel}","templated":true}]}}