{"id":10,"date":"2024-10-16T14:44:48","date_gmt":"2024-10-16T12:44:48","guid":{"rendered":"https:\/\/lecathofrancais.fr\/?page_id=10"},"modified":"2024-10-17T17:45:01","modified_gmt":"2024-10-17T15:45:01","slug":"a-propos","status":"publish","type":"page","link":"https:\/\/lecathofrancais.fr\/index.php\/a-propos\/","title":{"rendered":"A propos"},"content":{"rendered":"<div class=\"wp-block-columns is-layout-flex wp-container-core-columns-is-layout-9d6595d7 wp-block-columns-is-layout-flex\"><div class=\"wp-block-column is-layout-flow wp-block-column-is-layout-flow\"><h2 class=\"wp-block-heading\">Qui sommes-nous ?<\/h2>\n\n<p>Nous sommes des Proven\u00e7aux fiers de leurs racines et de leur histoire. Fiers de leur pays et d\u00e9sirant mettre en avant le savoir-faire et le savoir-vivre, de nos traditions et de nos symboles.<\/p>\n\n<p>L&#8217;amour que nous portons \u00e0 notre belle r\u00e9gion, nous pousse \u00e0 vous le partager.<\/p>\n\n<p><br>Situ\u00e9s dans le Vaucluse entre Carpentras et Avignon, nous personnalisons tous nos produits, dans notre atelier au pied du mont Ventoux.<\/p>\n\n<p><br>Le chant des cigales et le soleil proven\u00e7al, nous inspirent dans nos cr\u00e9ations uniques et authentiques, que vous ne trouverez qu&#8217;ici.<br>D\u00e9couvrez \u00e0 travers notre boutique et ses produits, un m\u00e9lange jeune et authentique de la Provence telle que nous la voyons et que nous la ressentons.<\/p><\/div>\n\n<div class=\"wp-block-column is-layout-flow wp-block-column-is-layout-flow\"><div class=\"wp-block-image is-style-default wp-duotone-unset-1\"><figure class=\"aligncenter size-full is-resized\"><img data-recalc-dims=\"1\" decoding=\"async\" src=\"https:\/\/i0.wp.com\/provencemontventoux.com\/wp-content\/uploads\/2024\/07\/IMG_2309-rotated.jpg?w=925&#038;ssl=1\" alt=\"Livre ouvert avec une coccinelle \" class=\"wp-image-1328\" style=\"width:331px;height:auto\"\/><\/figure><\/div><\/div><\/div><h2 class=\"wp-block-heading\">A propos de notre Approche<\/h2><p>Soucieux de vous proposer des articles de qualit\u00e9, vous trouverez sur PROVENCE MONT VENTOUX des produits authentiques, 100 % fran\u00e7ais.<br>Chaque mod\u00e8le est soigneusement con\u00e7u par nos soins, afin de mettre en valeur tout le charme de la Provence.<br>Des cr\u00e9ations personnalis\u00e9es vous permettant de faire rayonner la Provence et la France&nbsp;au-del\u00e0 de nos fronti\u00e8res&nbsp;!<br>Nos produits se distinguent par leur originalit\u00e9. Inspir\u00e9s par la beaut\u00e9 et l&#8217;esprit de la Provence, ils apportent une touche d&#8217;\u00e9l\u00e9gance et de soleil \u00e0 votre quotidien.<\/p><div class=\"wp-block-columns is-layout-flex wp-container-core-columns-is-layout-9d6595d7 wp-block-columns-is-layout-flex\"><div class=\"wp-block-column is-layout-flow wp-block-column-is-layout-flow\"><div class=\"wp-block-cover aligncenter wp-duotone-unset-3\" style=\"margin-top:0;padding-top:4vw;padding-right:4vw;padding-bottom:4vw;padding-left:4vw;min-height:50vh;aspect-ratio:unset;\"><span aria-hidden=\"true\" class=\"wp-block-cover__background has-black-background-color has-background-dim-20 has-background-dim\"><\/span><img data-recalc-dims=\"1\" decoding=\"async\" class=\"wp-block-cover__image-background wp-image-1303\" alt=\"Deux t-shirts avec des marquages de Provence provenant de la boutique, cote a cote sur un drap.\" src=\"https:\/\/i0.wp.com\/provencemontventoux.com\/wp-content\/uploads\/2024\/07\/oikj.png?w=925&#038;ssl=1\" data-object-fit=\"cover\"\/><div class=\"wp-block-cover__inner-container is-layout-flow wp-block-cover-is-layout-flow\"><div class=\"wp-block-group\"><div class=\"wp-block-group__inner-container is-layout-flow wp-block-group-is-layout-flow\"><p><\/p>\n\n<p class=\"has-text-align-center has-white-color has-text-color\" style=\"font-size:50px;font-style:normal;font-weight:700;letter-spacing:-2px;line-height:0.9;text-transform:uppercase\">Explorez notre boutique<\/p>\n\n<div style=\"height:48px\" aria-hidden=\"true\" class=\"wp-block-spacer\"><\/div>\n\n<div class=\"wp-block-buttons has-custom-font-size has-medium-font-size is-content-justification-center is-layout-flex wp-container-core-buttons-is-layout-16018d1d wp-block-buttons-is-layout-flex\"><div class=\"wp-block-button has-custom-width wp-block-button__width-75 has-custom-font-size is-style-outline has-medium-font-size is-style-outline--2\" style=\"font-style:normal;font-weight:900;letter-spacing:1px;text-transform:uppercase\"><a class=\"wp-block-button__link has-white-color has-text-color wp-element-button\" href=\"https:\/\/lecathofrancais.fr\/index.php\/boutique-2\/\" style=\"border-radius:50px;padding-top:32px;padding-right:48px;padding-bottom:32px;padding-left:48px\">D\u00e9couvrir<\/a><\/div><\/div>\n\n<p><\/p><\/div><\/div><\/div><\/div><\/div><\/div><h2 class=\"wp-block-heading\" style=\"font-size:38px;line-height:1.4\"><strong><strong>La Provence : entre Tradition et Beaut\u00e9 Naturelle<\/strong><\/strong><\/h2><div class=\"wp-block-columns is-layout-flex wp-container-core-columns-is-layout-9d6595d7 wp-block-columns-is-layout-flex\"><div class=\"wp-block-column is-layout-flow wp-block-column-is-layout-flow\"><p>La Provence, est une r\u00e9gion o\u00f9 chaque coin de rue respire l&#8217;histoire et la beaut\u00e9 naturelle. Situ\u00e9e dans le sud-est de la France, elle est r\u00e9put\u00e9e pour ses traditions et ses richesses naturelles.<\/p>\n\n<p>Paysages enchanteurs, avec ses champs de lavande, ses oliveraies et ses vignobles. <\/p>\n\n<p>Cette terre ensoleill\u00e9e, baign\u00e9e par la lumi\u00e8re dor\u00e9e du soleil m\u00e9diterran\u00e9en, offre un cadre idyllique pour les amateurs de nature et de culture.<\/p><\/div>\n\n<div class=\"wp-block-column is-layout-flow wp-block-column-is-layout-flow\"><p>C&#8217;est aussi une richesse patrimoniale unique avec des villes embl\u00e9matiques. Avignon, c\u00e9l\u00e8bre pour son Palais des Papes et son pont mythique. Aix-en-Provence, reconnue pour son architecture \u00e9l\u00e9gante. Carpentras Capitale du Comtat Venaissin, V\u00e9nasque pays de la cerise. <\/p>\n\n<p>Mais aussi les charmants villages perch\u00e9s comme Gordes et Roussillon qui captivent les visiteurs avec leurs ruelles pav\u00e9es et leurs vues panoramiques. <\/p>\n\n<p>Sans oublier le majestueux Mont Ventoux G\u00e9ant de Provence et les dentelles de Montmirail.  <\/p><\/div><\/div><p class=\"has-text-align-center\">Que vous soyez en qu\u00eate de d\u00e9tente, d&#8217;aventure ou de d\u00e9couverte culturelle, la Provence vous promet une exp\u00e9rience inoubliable. Embarquez pour un voyage au c\u0153ur de cette terre fascinante, o\u00f9 tradition et beaut\u00e9 naturelle se rencontrent harmonieusement.<\/p><div class=\"wp-block-jetpack-tiled-gallery is-style-rectangular\"><div class=\"has-rounded-corners-5\"><div class=\"tiled-gallery__gallery\"><div class=\"tiled-gallery__row\"><div class=\"tiled-gallery__col\" style=\"flex-basis:31.97723%\"><figure class=\"tiled-gallery__item\"><img decoding=\"async\" srcset=\"https:\/\/i0.wp.com\/provencemontventoux.com\/wp-content\/uploads\/2024\/07\/dfedez.png?strip=info&#038;w=600&#038;ssl=1 600w,https:\/\/i0.wp.com\/provencemontventoux.com\/wp-content\/uploads\/2024\/07\/dfedez.png?strip=info&#038;w=819&#038;ssl=1 819w\" alt=\"Champs de coquelicot sauvage\" data-height=\"614\" data-id=\"1278\" data-link=\"https:\/\/provencemontventoux.com\/dfedez\/\" data-url=\"https:\/\/provencemontventoux.com\/wp-content\/uploads\/2024\/07\/dfedez.png\" data-width=\"819\" src=\"https:\/\/i0.wp.com\/provencemontventoux.com\/wp-content\/uploads\/2024\/07\/dfedez.png?ssl=1\" data-amp-layout=\"responsive\" tabindex=\"0\" role=\"button\" aria-label=\"Ouvrir l\u2019image 1 sur 4 en plein \u00e9cran\"\/><\/figure><\/div><div class=\"tiled-gallery__col\" style=\"flex-basis:18.03547%\"><figure class=\"tiled-gallery__item\"><img decoding=\"async\" srcset=\"https:\/\/i0.wp.com\/provencemontventoux.com\/wp-content\/uploads\/2024\/07\/PHOTO-2024-07-08-07-29-31.jpg?strip=info&#038;w=480&#038;ssl=1 480w\" alt=\"a propos\" data-height=\"640\" data-id=\"750\" data-link=\"https:\/\/provencemontventoux.com\/photo-2024-07-08-07-29-31\/\" data-url=\"https:\/\/provencemontventoux.com\/wp-content\/uploads\/2024\/07\/PHOTO-2024-07-08-07-29-31.jpg\" data-width=\"480\" src=\"https:\/\/i0.wp.com\/provencemontventoux.com\/wp-content\/uploads\/2024\/07\/PHOTO-2024-07-08-07-29-31.jpg?ssl=1\" data-amp-layout=\"responsive\" tabindex=\"0\" role=\"button\" aria-label=\"Ouvrir l\u2019image 2 sur 4 en plein \u00e9cran\"\/><\/figure><\/div><div class=\"tiled-gallery__col\" style=\"flex-basis:31.95183%\"><figure class=\"tiled-gallery__item\"><img decoding=\"async\" srcset=\"https:\/\/i2.wp.com\/provencemontventoux.com\/wp-content\/uploads\/2024\/07\/co-.png?strip=info&#038;w=600&#038;ssl=1 600w,https:\/\/i2.wp.com\/provencemontventoux.com\/wp-content\/uploads\/2024\/07\/co-.png?strip=info&#038;w=853&#038;ssl=1 853w\" alt=\"Vu automnale du Mont Ventoux \" data-height=\"640\" data-id=\"1271\" data-link=\"https:\/\/provencemontventoux.com\/co\/\" data-url=\"https:\/\/provencemontventoux.com\/wp-content\/uploads\/2024\/07\/co-.png\" data-width=\"853\" src=\"https:\/\/i2.wp.com\/provencemontventoux.com\/wp-content\/uploads\/2024\/07\/co-.png?ssl=1\" data-amp-layout=\"responsive\" tabindex=\"0\" role=\"button\" aria-label=\"Ouvrir l\u2019image 3 sur 4 en plein \u00e9cran\"\/><\/figure><\/div><div class=\"tiled-gallery__col\" style=\"flex-basis:18.03547%\"><figure class=\"tiled-gallery__item\"><img decoding=\"async\" srcset=\"https:\/\/i2.wp.com\/provencemontventoux.com\/wp-content\/uploads\/2024\/07\/IMG_6849-768x1024.jpg?strip=info&#038;w=600&#038;ssl=1 600w,https:\/\/i2.wp.com\/provencemontventoux.com\/wp-content\/uploads\/2024\/07\/IMG_6849-768x1024.jpg?strip=info&#038;w=900&#038;ssl=1 900w,https:\/\/i2.wp.com\/provencemontventoux.com\/wp-content\/uploads\/2024\/07\/IMG_6849-768x1024.jpg?strip=info&#038;w=1200&#038;ssl=1 1200w,https:\/\/i2.wp.com\/provencemontventoux.com\/wp-content\/uploads\/2024\/07\/IMG_6849-768x1024.jpg?strip=info&#038;w=1500&#038;ssl=1 1500w,https:\/\/i2.wp.com\/provencemontventoux.com\/wp-content\/uploads\/2024\/07\/IMG_6849-768x1024.jpg?strip=info&#038;w=1536&#038;ssl=1 1536w\" alt=\"Un panier garnit de bouquets de lavande sur un march\u00e9 proven\u00e7ale.\" data-height=\"2048\" data-id=\"731\" data-link=\"https:\/\/provencemontventoux.com\/a-propos\/img_6849\/\" data-url=\"https:\/\/provencemontventoux.com\/wp-content\/uploads\/2024\/07\/IMG_6849-768x1024.jpg\" data-width=\"1536\" src=\"https:\/\/i2.wp.com\/provencemontventoux.com\/wp-content\/uploads\/2024\/07\/IMG_6849-768x1024.jpg?ssl=1\" data-amp-layout=\"responsive\" tabindex=\"0\" role=\"button\" aria-label=\"Ouvrir l\u2019image 4 sur 4 en plein \u00e9cran\"\/><\/figure><\/div><\/div><\/div><\/div><\/div>","protected":false},"excerpt":{"rendered":"<p>Qui sommes-nous ? Nous sommes des Proven\u00e7aux fiers de leurs racines et de leur histoire. Fiers de leur pays et d\u00e9sirant mettre en avant le savoir-faire et le savoir-vivre, de nos traditions et de nos symboles. L&#8217;amour que nous portons \u00e0 notre belle r\u00e9gion, nous pousse \u00e0 vous le partager. Situ\u00e9s dans le Vaucluse entre &hellip; <\/p>\n","protected":false},"author":1,"featured_media":0,"parent":0,"menu_order":0,"comment_status":"closed","ping_status":"closed","template":"","meta":{"footnotes":""},"class_list":["post-10","page","type-page","status-publish","hentry"],"yoast_head":"<!-- This site is optimized with the Yoast SEO plugin v23.6 - https:\/\/yoast.com\/wordpress\/plugins\/seo\/ -->\n<title>A propos - WordPress<\/title>\n<meta name=\"robots\" content=\"noindex, follow, max-snippet:-1, max-image-preview:large, max-video-preview:-1\" \/>\n<meta property=\"og:locale\" content=\"fr_FR\" \/>\n<meta property=\"og:type\" content=\"article\" \/>\n<meta property=\"og:title\" content=\"A propos - WordPress\" \/>\n<meta property=\"og:description\" content=\"Qui sommes-nous ? Nous sommes des Proven\u00e7aux fiers de leurs racines et de leur histoire. Fiers de leur pays et d\u00e9sirant mettre en avant le savoir-faire et le savoir-vivre, de nos traditions et de nos symboles. L&#8217;amour que nous portons \u00e0 notre belle r\u00e9gion, nous pousse \u00e0 vous le partager. Situ\u00e9s dans le Vaucluse entre &hellip;\" \/>\n<meta property=\"og:url\" content=\"https:\/\/lecathofrancais.fr\/index.php\/a-propos\/\" \/>\n<meta property=\"og:site_name\" content=\"WordPress\" \/>\n<meta property=\"article:modified_time\" content=\"2024-10-17T15:45:01+00:00\" \/>\n<meta property=\"og:image\" content=\"https:\/\/provencemontventoux.com\/wp-content\/uploads\/2024\/07\/IMG_2309-rotated.jpg\" \/>\n<meta name=\"twitter:card\" content=\"summary_large_image\" \/>\n<meta name=\"twitter:label1\" content=\"Dur\u00e9e de lecture estim\u00e9e\" \/>\n\t<meta name=\"twitter:data1\" content=\"4 minutes\" \/>\n<script type=\"application\/ld+json\" class=\"yoast-schema-graph\">{\"@context\":\"https:\/\/schema.org\",\"@graph\":[{\"@type\":\"WebPage\",\"@id\":\"https:\/\/lecathofrancais.fr\/index.php\/a-propos\/\",\"url\":\"https:\/\/lecathofrancais.fr\/index.php\/a-propos\/\",\"name\":\"A propos - WordPress\",\"isPartOf\":{\"@id\":\"https:\/\/lecathofrancais.fr\/#website\"},\"primaryImageOfPage\":{\"@id\":\"https:\/\/lecathofrancais.fr\/index.php\/a-propos\/#primaryimage\"},\"image\":{\"@id\":\"https:\/\/lecathofrancais.fr\/index.php\/a-propos\/#primaryimage\"},\"thumbnailUrl\":\"https:\/\/provencemontventoux.com\/wp-content\/uploads\/2024\/07\/IMG_2309-rotated.jpg\",\"datePublished\":\"2024-10-16T12:44:48+00:00\",\"dateModified\":\"2024-10-17T15:45:01+00:00\",\"breadcrumb\":{\"@id\":\"https:\/\/lecathofrancais.fr\/index.php\/a-propos\/#breadcrumb\"},\"inLanguage\":\"fr-FR\",\"potentialAction\":[{\"@type\":\"ReadAction\",\"target\":[\"https:\/\/lecathofrancais.fr\/index.php\/a-propos\/\"]}]},{\"@type\":\"ImageObject\",\"inLanguage\":\"fr-FR\",\"@id\":\"https:\/\/lecathofrancais.fr\/index.php\/a-propos\/#primaryimage\",\"url\":\"https:\/\/provencemontventoux.com\/wp-content\/uploads\/2024\/07\/IMG_2309-rotated.jpg\",\"contentUrl\":\"https:\/\/provencemontventoux.com\/wp-content\/uploads\/2024\/07\/IMG_2309-rotated.jpg\"},{\"@type\":\"BreadcrumbList\",\"@id\":\"https:\/\/lecathofrancais.fr\/index.php\/a-propos\/#breadcrumb\",\"itemListElement\":[{\"@type\":\"ListItem\",\"position\":1,\"name\":\"Accueil\",\"item\":\"https:\/\/lecathofrancais.fr\/\"},{\"@type\":\"ListItem\",\"position\":2,\"name\":\"A propos\"}]},{\"@type\":\"WebSite\",\"@id\":\"https:\/\/lecathofrancais.fr\/#website\",\"url\":\"https:\/\/lecathofrancais.fr\/\",\"name\":\"WordPress\",\"description\":\"Un site utilisant WordPress\",\"potentialAction\":[{\"@type\":\"SearchAction\",\"target\":{\"@type\":\"EntryPoint\",\"urlTemplate\":\"https:\/\/lecathofrancais.fr\/?s={search_term_string}\"},\"query-input\":{\"@type\":\"PropertyValueSpecification\",\"valueRequired\":true,\"valueName\":\"search_term_string\"}}],\"inLanguage\":\"fr-FR\"}]}<\/script>\n<!-- \/ Yoast SEO plugin. -->","yoast_head_json":{"title":"A propos - WordPress","robots":{"index":"noindex","follow":"follow","max-snippet":"max-snippet:-1","max-image-preview":"max-image-preview:large","max-video-preview":"max-video-preview:-1"},"og_locale":"fr_FR","og_type":"article","og_title":"A propos - WordPress","og_description":"Qui sommes-nous ? Nous sommes des Proven\u00e7aux fiers de leurs racines et de leur histoire. Fiers de leur pays et d\u00e9sirant mettre en avant le savoir-faire et le savoir-vivre, de nos traditions et de nos symboles. L&#8217;amour que nous portons \u00e0 notre belle r\u00e9gion, nous pousse \u00e0 vous le partager. Situ\u00e9s dans le Vaucluse entre &hellip;","og_url":"https:\/\/lecathofrancais.fr\/index.php\/a-propos\/","og_site_name":"WordPress","article_modified_time":"2024-10-17T15:45:01+00:00","og_image":[{"url":"https:\/\/provencemontventoux.com\/wp-content\/uploads\/2024\/07\/IMG_2309-rotated.jpg"}],"twitter_card":"summary_large_image","twitter_misc":{"Dur\u00e9e de lecture estim\u00e9e":"4 minutes"},"schema":{"@context":"https:\/\/schema.org","@graph":[{"@type":"WebPage","@id":"https:\/\/lecathofrancais.fr\/index.php\/a-propos\/","url":"https:\/\/lecathofrancais.fr\/index.php\/a-propos\/","name":"A propos - WordPress","isPartOf":{"@id":"https:\/\/lecathofrancais.fr\/#website"},"primaryImageOfPage":{"@id":"https:\/\/lecathofrancais.fr\/index.php\/a-propos\/#primaryimage"},"image":{"@id":"https:\/\/lecathofrancais.fr\/index.php\/a-propos\/#primaryimage"},"thumbnailUrl":"https:\/\/provencemontventoux.com\/wp-content\/uploads\/2024\/07\/IMG_2309-rotated.jpg","datePublished":"2024-10-16T12:44:48+00:00","dateModified":"2024-10-17T15:45:01+00:00","breadcrumb":{"@id":"https:\/\/lecathofrancais.fr\/index.php\/a-propos\/#breadcrumb"},"inLanguage":"fr-FR","potentialAction":[{"@type":"ReadAction","target":["https:\/\/lecathofrancais.fr\/index.php\/a-propos\/"]}]},{"@type":"ImageObject","inLanguage":"fr-FR","@id":"https:\/\/lecathofrancais.fr\/index.php\/a-propos\/#primaryimage","url":"https:\/\/provencemontventoux.com\/wp-content\/uploads\/2024\/07\/IMG_2309-rotated.jpg","contentUrl":"https:\/\/provencemontventoux.com\/wp-content\/uploads\/2024\/07\/IMG_2309-rotated.jpg"},{"@type":"BreadcrumbList","@id":"https:\/\/lecathofrancais.fr\/index.php\/a-propos\/#breadcrumb","itemListElement":[{"@type":"ListItem","position":1,"name":"Accueil","item":"https:\/\/lecathofrancais.fr\/"},{"@type":"ListItem","position":2,"name":"A propos"}]},{"@type":"WebSite","@id":"https:\/\/lecathofrancais.fr\/#website","url":"https:\/\/lecathofrancais.fr\/","name":"WordPress","description":"Un site utilisant WordPress","potentialAction":[{"@type":"SearchAction","target":{"@type":"EntryPoint","urlTemplate":"https:\/\/lecathofrancais.fr\/?s={search_term_string}"},"query-input":{"@type":"PropertyValueSpecification","valueRequired":true,"valueName":"search_term_string"}}],"inLanguage":"fr-FR"}]}},"jetpack_sharing_enabled":true,"_links":{"self":[{"href":"https:\/\/lecathofrancais.fr\/index.php\/wp-json\/wp\/v2\/pages\/10","targetHints":{"allow":["GET"]}}],"collection":[{"href":"https:\/\/lecathofrancais.fr\/index.php\/wp-json\/wp\/v2\/pages"}],"about":[{"href":"https:\/\/lecathofrancais.fr\/index.php\/wp-json\/wp\/v2\/types\/page"}],"author":[{"embeddable":true,"href":"https:\/\/lecathofrancais.fr\/index.php\/wp-json\/wp\/v2\/users\/1"}],"replies":[{"embeddable":true,"href":"https:\/\/lecathofrancais.fr\/index.php\/wp-json\/wp\/v2\/comments?post=10"}],"version-history":[{"count":4,"href":"https:\/\/lecathofrancais.fr\/index.php\/wp-json\/wp\/v2\/pages\/10\/revisions"}],"predecessor-version":[{"id":105,"href":"https:\/\/lecathofrancais.fr\/index.php\/wp-json\/wp\/v2\/pages\/10\/revisions\/105"}],"wp:attachment":[{"href":"https:\/\/lecathofrancais.fr\/index.php\/wp-json\/wp\/v2\/media?parent=10"}],"curies":[{"name":"wp","href":"https:\/\/api.w.org\/{rel}","templated":true}]}}